{"id":178,"date":"2024-05-17T16:59:30","date_gmt":"2024-05-17T16:59:30","guid":{"rendered":"https:\/\/iskid.org.tr\/isipompalari\/?page_id=178"},"modified":"2024-05-19T04:45:18","modified_gmt":"2024-05-19T04:45:18","slug":"isi-pompasi-uygulama-ornekleri","status":"publish","type":"page","link":"https:\/\/iskid.org.tr\/isipompalari\/isi-pompasi-uygulama-ornekleri\/","title":{"rendered":"Is\u0131 Pompas\u0131 Uygulama \u00d6rnekleri"},"content":{"rendered":"","protected":false},"excerpt":{"rendered":"","protected":false},"author":1,"featured_media":28,"parent":0,"menu_order":0,"comment_status":"closed","ping_status":"closed","template":"","meta":{"footnotes":""},"class_list":["post-178","page","type-page","status-publish","has-post-thumbnail","hentry"],"yoast_head":"<!-- This site is optimized with the Yoast SEO plugin v27.3 - https:\/\/yoast.com\/product\/yoast-seo-wordpress\/ -->\n<title>Is\u0131 Pompas\u0131 Uygulama \u00d6rnekleri - Is\u0131 Pompalar\u0131<\/title>\n<meta name=\"description\" content=\"Is\u0131 Pompas\u0131 Uygulama \u00d6rnekleri: \u0130SK\u0130D \u0130klimlendirme So\u011futma Klima \u0130malat\u00e7\u0131lar\u0131 Derne\u011fi - E-Posta: iskid@iskid.org.tr\" \/>\n<meta name=\"robots\" content=\"index, follow, max-snippet:-1, max-image-preview:large, max-video-preview:-1\" \/>\n<link rel=\"canonical\" href=\"https:\/\/iskid.org.tr\/isipompalari\/isi-pompasi-uygulama-ornekleri\/\" \/>\n<meta property=\"og:locale\" content=\"tr_TR\" \/>\n<meta property=\"og:type\" content=\"article\" \/>\n<meta property=\"og:title\" content=\"Is\u0131 Pompas\u0131 Uygulama \u00d6rnekleri - Is\u0131 Pompalar\u0131\" \/>\n<meta property=\"og:description\" content=\"Is\u0131 Pompas\u0131 Uygulama \u00d6rnekleri: \u0130SK\u0130D \u0130klimlendirme So\u011futma Klima \u0130malat\u00e7\u0131lar\u0131 Derne\u011fi - E-Posta: iskid@iskid.org.tr\" \/>\n<meta property=\"og:url\" content=\"https:\/\/iskid.org.tr\/isipompalari\/isi-pompasi-uygulama-ornekleri\/\" \/>\n<meta property=\"og:site_name\" content=\"Is\u0131 Pompalar\u0131\" \/>\n<meta property=\"article:modified_time\" content=\"2024-05-19T04:45:18+00:00\" \/>\n<meta property=\"og:image\" content=\"https:\/\/iskid.org.tr\/isipompalari\/wp-content\/uploads\/2024\/05\/1.jpg\" \/>\n\t<meta property=\"og:image:width\" content=\"900\" \/>\n\t<meta property=\"og:image:height\" content=\"600\" \/>\n\t<meta property=\"og:image:type\" content=\"image\/jpeg\" \/>\n<meta name=\"twitter:card\" content=\"summary_large_image\" \/>\n<meta name=\"twitter:label1\" content=\"Tahmini okuma s\u00fcresi\" \/>\n\t<meta name=\"twitter:data1\" content=\"3 dakika\" \/>\n<script type=\"application\/ld+json\" class=\"yoast-schema-graph\">{\"@context\":\"https:\\\/\\\/schema.org\",\"@graph\":[{\"@type\":\"WebPage\",\"@id\":\"https:\\\/\\\/iskid.org.tr\\\/isipompalari\\\/isi-pompasi-uygulama-ornekleri\\\/\",\"url\":\"https:\\\/\\\/iskid.org.tr\\\/isipompalari\\\/isi-pompasi-uygulama-ornekleri\\\/\",\"name\":\"Is\u0131 Pompas\u0131 Uygulama \u00d6rnekleri - Is\u0131 Pompalar\u0131\",\"isPartOf\":{\"@id\":\"https:\\\/\\\/iskid.org.tr\\\/isipompalari\\\/#website\"},\"primaryImageOfPage\":{\"@id\":\"https:\\\/\\\/iskid.org.tr\\\/isipompalari\\\/isi-pompasi-uygulama-ornekleri\\\/#primaryimage\"},\"image\":{\"@id\":\"https:\\\/\\\/iskid.org.tr\\\/isipompalari\\\/isi-pompasi-uygulama-ornekleri\\\/#primaryimage\"},\"thumbnailUrl\":\"https:\\\/\\\/iskid.org.tr\\\/isipompalari\\\/wp-content\\\/uploads\\\/2024\\\/05\\\/1.jpg\",\"datePublished\":\"2024-05-17T16:59:30+00:00\",\"dateModified\":\"2024-05-19T04:45:18+00:00\",\"description\":\"Is\u0131 Pompas\u0131 Uygulama \u00d6rnekleri: \u0130SK\u0130D \u0130klimlendirme So\u011futma Klima \u0130malat\u00e7\u0131lar\u0131 Derne\u011fi - E-Posta: iskid@iskid.org.tr\",\"breadcrumb\":{\"@id\":\"https:\\\/\\\/iskid.org.tr\\\/isipompalari\\\/isi-pompasi-uygulama-ornekleri\\\/#breadcrumb\"},\"inLanguage\":\"tr\",\"potentialAction\":[{\"@type\":\"ReadAction\",\"target\":[\"https:\\\/\\\/iskid.org.tr\\\/isipompalari\\\/isi-pompasi-uygulama-ornekleri\\\/\"]}]},{\"@type\":\"ImageObject\",\"inLanguage\":\"tr\",\"@id\":\"https:\\\/\\\/iskid.org.tr\\\/isipompalari\\\/isi-pompasi-uygulama-ornekleri\\\/#primaryimage\",\"url\":\"https:\\\/\\\/iskid.org.tr\\\/isipompalari\\\/wp-content\\\/uploads\\\/2024\\\/05\\\/1.jpg\",\"contentUrl\":\"https:\\\/\\\/iskid.org.tr\\\/isipompalari\\\/wp-content\\\/uploads\\\/2024\\\/05\\\/1.jpg\",\"width\":900,\"height\":600,\"caption\":\"Hava Kaynakl\u0131 Is\u0131 Pompalar\u0131\"},{\"@type\":\"BreadcrumbList\",\"@id\":\"https:\\\/\\\/iskid.org.tr\\\/isipompalari\\\/isi-pompasi-uygulama-ornekleri\\\/#breadcrumb\",\"itemListElement\":[{\"@type\":\"ListItem\",\"position\":1,\"name\":\"Anasayfa\",\"item\":\"https:\\\/\\\/iskid.org.tr\\\/isipompalari\\\/\"},{\"@type\":\"ListItem\",\"position\":2,\"name\":\"Is\u0131 Pompas\u0131 Uygulama \u00d6rnekleri\"}]},{\"@type\":\"WebSite\",\"@id\":\"https:\\\/\\\/iskid.org.tr\\\/isipompalari\\\/#website\",\"url\":\"https:\\\/\\\/iskid.org.tr\\\/isipompalari\\\/\",\"name\":\"Is\u0131 Pompalar\u0131\",\"description\":\"Is\u0131 Pompas\u0131 - Enerji Verimlili\u011fi\",\"potentialAction\":[{\"@type\":\"SearchAction\",\"target\":{\"@type\":\"EntryPoint\",\"urlTemplate\":\"https:\\\/\\\/iskid.org.tr\\\/isipompalari\\\/?s={search_term_string}\"},\"query-input\":{\"@type\":\"PropertyValueSpecification\",\"valueRequired\":true,\"valueName\":\"search_term_string\"}}],\"inLanguage\":\"tr\"}]}<\/script>\n<!-- \/ Yoast SEO plugin. -->","yoast_head_json":{"title":"Is\u0131 Pompas\u0131 Uygulama \u00d6rnekleri - Is\u0131 Pompalar\u0131","description":"Is\u0131 Pompas\u0131 Uygulama \u00d6rnekleri: \u0130SK\u0130D \u0130klimlendirme So\u011futma Klima \u0130malat\u00e7\u0131lar\u0131 Derne\u011fi - E-Posta: iskid@iskid.org.tr","robots":{"index":"index","follow":"follow","max-snippet":"max-snippet:-1","max-image-preview":"max-image-preview:large","max-video-preview":"max-video-preview:-1"},"canonical":"https:\/\/iskid.org.tr\/isipompalari\/isi-pompasi-uygulama-ornekleri\/","og_locale":"tr_TR","og_type":"article","og_title":"Is\u0131 Pompas\u0131 Uygulama \u00d6rnekleri - Is\u0131 Pompalar\u0131","og_description":"Is\u0131 Pompas\u0131 Uygulama \u00d6rnekleri: \u0130SK\u0130D \u0130klimlendirme So\u011futma Klima \u0130malat\u00e7\u0131lar\u0131 Derne\u011fi - E-Posta: iskid@iskid.org.tr","og_url":"https:\/\/iskid.org.tr\/isipompalari\/isi-pompasi-uygulama-ornekleri\/","og_site_name":"Is\u0131 Pompalar\u0131","article_modified_time":"2024-05-19T04:45:18+00:00","og_image":[{"width":900,"height":600,"url":"https:\/\/iskid.org.tr\/isipompalari\/wp-content\/uploads\/2024\/05\/1.jpg","type":"image\/jpeg"}],"twitter_card":"summary_large_image","twitter_misc":{"Tahmini okuma s\u00fcresi":"3 dakika"},"schema":{"@context":"https:\/\/schema.org","@graph":[{"@type":"WebPage","@id":"https:\/\/iskid.org.tr\/isipompalari\/isi-pompasi-uygulama-ornekleri\/","url":"https:\/\/iskid.org.tr\/isipompalari\/isi-pompasi-uygulama-ornekleri\/","name":"Is\u0131 Pompas\u0131 Uygulama \u00d6rnekleri - Is\u0131 Pompalar\u0131","isPartOf":{"@id":"https:\/\/iskid.org.tr\/isipompalari\/#website"},"primaryImageOfPage":{"@id":"https:\/\/iskid.org.tr\/isipompalari\/isi-pompasi-uygulama-ornekleri\/#primaryimage"},"image":{"@id":"https:\/\/iskid.org.tr\/isipompalari\/isi-pompasi-uygulama-ornekleri\/#primaryimage"},"thumbnailUrl":"https:\/\/iskid.org.tr\/isipompalari\/wp-content\/uploads\/2024\/05\/1.jpg","datePublished":"2024-05-17T16:59:30+00:00","dateModified":"2024-05-19T04:45:18+00:00","description":"Is\u0131 Pompas\u0131 Uygulama \u00d6rnekleri: \u0130SK\u0130D \u0130klimlendirme So\u011futma Klima \u0130malat\u00e7\u0131lar\u0131 Derne\u011fi - E-Posta: iskid@iskid.org.tr","breadcrumb":{"@id":"https:\/\/iskid.org.tr\/isipompalari\/isi-pompasi-uygulama-ornekleri\/#breadcrumb"},"inLanguage":"tr","potentialAction":[{"@type":"ReadAction","target":["https:\/\/iskid.org.tr\/isipompalari\/isi-pompasi-uygulama-ornekleri\/"]}]},{"@type":"ImageObject","inLanguage":"tr","@id":"https:\/\/iskid.org.tr\/isipompalari\/isi-pompasi-uygulama-ornekleri\/#primaryimage","url":"https:\/\/iskid.org.tr\/isipompalari\/wp-content\/uploads\/2024\/05\/1.jpg","contentUrl":"https:\/\/iskid.org.tr\/isipompalari\/wp-content\/uploads\/2024\/05\/1.jpg","width":900,"height":600,"caption":"Hava Kaynakl\u0131 Is\u0131 Pompalar\u0131"},{"@type":"BreadcrumbList","@id":"https:\/\/iskid.org.tr\/isipompalari\/isi-pompasi-uygulama-ornekleri\/#breadcrumb","itemListElement":[{"@type":"ListItem","position":1,"name":"Anasayfa","item":"https:\/\/iskid.org.tr\/isipompalari\/"},{"@type":"ListItem","position":2,"name":"Is\u0131 Pompas\u0131 Uygulama \u00d6rnekleri"}]},{"@type":"WebSite","@id":"https:\/\/iskid.org.tr\/isipompalari\/#website","url":"https:\/\/iskid.org.tr\/isipompalari\/","name":"Is\u0131 Pompalar\u0131","description":"Is\u0131 Pompas\u0131 - Enerji Verimlili\u011fi","potentialAction":[{"@type":"SearchAction","target":{"@type":"EntryPoint","urlTemplate":"https:\/\/iskid.org.tr\/isipompalari\/?s={search_term_string}"},"query-input":{"@type":"PropertyValueSpecification","valueRequired":true,"valueName":"search_term_string"}}],"inLanguage":"tr"}]}},"_links":{"self":[{"href":"https:\/\/iskid.org.tr\/isipompalari\/wp-json\/wp\/v2\/pages\/178","targetHints":{"allow":["GET"]}}],"collection":[{"href":"https:\/\/iskid.org.tr\/isipompalari\/wp-json\/wp\/v2\/pages"}],"about":[{"href":"https:\/\/iskid.org.tr\/isipompalari\/wp-json\/wp\/v2\/types\/page"}],"author":[{"embeddable":true,"href":"https:\/\/iskid.org.tr\/isipompalari\/wp-json\/wp\/v2\/users\/1"}],"replies":[{"embeddable":true,"href":"https:\/\/iskid.org.tr\/isipompalari\/wp-json\/wp\/v2\/comments?post=178"}],"version-history":[{"count":5,"href":"https:\/\/iskid.org.tr\/isipompalari\/wp-json\/wp\/v2\/pages\/178\/revisions"}],"predecessor-version":[{"id":415,"href":"https:\/\/iskid.org.tr\/isipompalari\/wp-json\/wp\/v2\/pages\/178\/revisions\/415"}],"wp:featuredmedia":[{"embeddable":true,"href":"https:\/\/iskid.org.tr\/isipompalari\/wp-json\/wp\/v2\/media\/28"}],"wp:attachment":[{"href":"https:\/\/iskid.org.tr\/isipompalari\/wp-json\/wp\/v2\/media?parent=178"}],"curies":[{"name":"wp","href":"https:\/\/api.w.org\/{rel}","templated":true}]}}