{"id":961,"date":"2020-04-27T06:10:45","date_gmt":"2020-04-27T06:10:45","guid":{"rendered":"https:\/\/iskid.org.tr\/ichavakalitesi\/?page_id=961"},"modified":"2020-04-30T03:36:47","modified_gmt":"2020-04-30T03:36:47","slug":"profesyonel-olcumler","status":"publish","type":"page","link":"https:\/\/iskid.org.tr\/ichavakalitesi\/ichava-kalitesi\/ic-hava-kalitesi-nasil-olculur\/profesyonel-olcumler\/","title":{"rendered":"Profesyonel \u00d6l\u00e7\u00fcmler"},"content":{"rendered":"","protected":false},"excerpt":{"rendered":"","protected":false},"author":1,"featured_media":0,"parent":199,"menu_order":1,"comment_status":"open","ping_status":"closed","template":"","meta":{"jetpack_post_was_ever_published":false,"footnotes":""},"yoast_head":"<!-- This site is optimized with the Yoast SEO plugin v24.5 - https:\/\/yoast.com\/wordpress\/plugins\/seo\/ -->\n<title>Profesyonel \u00d6l\u00e7\u00fcmler - \u0130\u00e7 Hava Kalitesi<\/title>\n<meta name=\"robots\" content=\"index, follow, max-snippet:-1, max-image-preview:large, max-video-preview:-1\" \/>\n<link rel=\"canonical\" href=\"https:\/\/iskid.org.tr\/ichavakalitesi\/ichava-kalitesi\/ic-hava-kalitesi-nasil-olculur\/profesyonel-olcumler\/\" \/>\n<meta property=\"og:locale\" content=\"tr_TR\" \/>\n<meta property=\"og:type\" content=\"article\" \/>\n<meta property=\"og:title\" content=\"Profesyonel \u00d6l\u00e7\u00fcmler - \u0130\u00e7 Hava Kalitesi\" \/>\n<meta property=\"og:url\" content=\"https:\/\/iskid.org.tr\/ichavakalitesi\/ichava-kalitesi\/ic-hava-kalitesi-nasil-olculur\/profesyonel-olcumler\/\" \/>\n<meta property=\"og:site_name\" content=\"\u0130\u00e7 Hava Kalitesi\" \/>\n<meta property=\"article:modified_time\" content=\"2020-04-30T03:36:47+00:00\" \/>\n<meta name=\"twitter:card\" content=\"summary_large_image\" \/>\n<script type=\"application\/ld+json\" class=\"yoast-schema-graph\">{\"@context\":\"https:\/\/schema.org\",\"@graph\":[{\"@type\":\"WebPage\",\"@id\":\"https:\/\/iskid.org.tr\/ichavakalitesi\/ichava-kalitesi\/ic-hava-kalitesi-nasil-olculur\/profesyonel-olcumler\/\",\"url\":\"https:\/\/iskid.org.tr\/ichavakalitesi\/ichava-kalitesi\/ic-hava-kalitesi-nasil-olculur\/profesyonel-olcumler\/\",\"name\":\"Profesyonel \u00d6l\u00e7\u00fcmler - \u0130\u00e7 Hava Kalitesi\",\"isPartOf\":{\"@id\":\"https:\/\/iskid.org.tr\/ichavakalitesi\/#website\"},\"datePublished\":\"2020-04-27T06:10:45+00:00\",\"dateModified\":\"2020-04-30T03:36:47+00:00\",\"breadcrumb\":{\"@id\":\"https:\/\/iskid.org.tr\/ichavakalitesi\/ichava-kalitesi\/ic-hava-kalitesi-nasil-olculur\/profesyonel-olcumler\/#breadcrumb\"},\"inLanguage\":\"tr\",\"potentialAction\":[{\"@type\":\"ReadAction\",\"target\":[\"https:\/\/iskid.org.tr\/ichavakalitesi\/ichava-kalitesi\/ic-hava-kalitesi-nasil-olculur\/profesyonel-olcumler\/\"]}]},{\"@type\":\"BreadcrumbList\",\"@id\":\"https:\/\/iskid.org.tr\/ichavakalitesi\/ichava-kalitesi\/ic-hava-kalitesi-nasil-olculur\/profesyonel-olcumler\/#breadcrumb\",\"itemListElement\":[{\"@type\":\"ListItem\",\"position\":1,\"name\":\"Ana sayfa\",\"item\":\"https:\/\/iskid.org.tr\/ichavakalitesi\/\"},{\"@type\":\"ListItem\",\"position\":2,\"name\":\"\u0130\u00e7 Hava Kalitesi\",\"item\":\"https:\/\/iskid.org.tr\/ichavakalitesi\/ichava-kalitesi\/\"},{\"@type\":\"ListItem\",\"position\":3,\"name\":\"\u0130\u00e7 Hava Kalitesi Nas\u0131l \u00d6l\u00e7\u00fcl\u00fcr?\",\"item\":\"https:\/\/iskid.org.tr\/ichavakalitesi\/ichava-kalitesi\/ic-hava-kalitesi-nasil-olculur\/\"},{\"@type\":\"ListItem\",\"position\":4,\"name\":\"Profesyonel \u00d6l\u00e7\u00fcmler\"}]},{\"@type\":\"WebSite\",\"@id\":\"https:\/\/iskid.org.tr\/ichavakalitesi\/#website\",\"url\":\"https:\/\/iskid.org.tr\/ichavakalitesi\/\",\"name\":\"\u0130\u00e7 Hava Kalitesi\",\"description\":\"\u0130skid\",\"potentialAction\":[{\"@type\":\"SearchAction\",\"target\":{\"@type\":\"EntryPoint\",\"urlTemplate\":\"https:\/\/iskid.org.tr\/ichavakalitesi\/?s={search_term_string}\"},\"query-input\":{\"@type\":\"PropertyValueSpecification\",\"valueRequired\":true,\"valueName\":\"search_term_string\"}}],\"inLanguage\":\"tr\"}]}<\/script>\n<!-- \/ Yoast SEO plugin. -->","yoast_head_json":{"title":"Profesyonel \u00d6l\u00e7\u00fcmler - \u0130\u00e7 Hava Kalitesi","robots":{"index":"index","follow":"follow","max-snippet":"max-snippet:-1","max-image-preview":"max-image-preview:large","max-video-preview":"max-video-preview:-1"},"canonical":"https:\/\/iskid.org.tr\/ichavakalitesi\/ichava-kalitesi\/ic-hava-kalitesi-nasil-olculur\/profesyonel-olcumler\/","og_locale":"tr_TR","og_type":"article","og_title":"Profesyonel \u00d6l\u00e7\u00fcmler - \u0130\u00e7 Hava Kalitesi","og_url":"https:\/\/iskid.org.tr\/ichavakalitesi\/ichava-kalitesi\/ic-hava-kalitesi-nasil-olculur\/profesyonel-olcumler\/","og_site_name":"\u0130\u00e7 Hava Kalitesi","article_modified_time":"2020-04-30T03:36:47+00:00","twitter_card":"summary_large_image","schema":{"@context":"https:\/\/schema.org","@graph":[{"@type":"WebPage","@id":"https:\/\/iskid.org.tr\/ichavakalitesi\/ichava-kalitesi\/ic-hava-kalitesi-nasil-olculur\/profesyonel-olcumler\/","url":"https:\/\/iskid.org.tr\/ichavakalitesi\/ichava-kalitesi\/ic-hava-kalitesi-nasil-olculur\/profesyonel-olcumler\/","name":"Profesyonel \u00d6l\u00e7\u00fcmler - \u0130\u00e7 Hava Kalitesi","isPartOf":{"@id":"https:\/\/iskid.org.tr\/ichavakalitesi\/#website"},"datePublished":"2020-04-27T06:10:45+00:00","dateModified":"2020-04-30T03:36:47+00:00","breadcrumb":{"@id":"https:\/\/iskid.org.tr\/ichavakalitesi\/ichava-kalitesi\/ic-hava-kalitesi-nasil-olculur\/profesyonel-olcumler\/#breadcrumb"},"inLanguage":"tr","potentialAction":[{"@type":"ReadAction","target":["https:\/\/iskid.org.tr\/ichavakalitesi\/ichava-kalitesi\/ic-hava-kalitesi-nasil-olculur\/profesyonel-olcumler\/"]}]},{"@type":"BreadcrumbList","@id":"https:\/\/iskid.org.tr\/ichavakalitesi\/ichava-kalitesi\/ic-hava-kalitesi-nasil-olculur\/profesyonel-olcumler\/#breadcrumb","itemListElement":[{"@type":"ListItem","position":1,"name":"Ana sayfa","item":"https:\/\/iskid.org.tr\/ichavakalitesi\/"},{"@type":"ListItem","position":2,"name":"\u0130\u00e7 Hava Kalitesi","item":"https:\/\/iskid.org.tr\/ichavakalitesi\/ichava-kalitesi\/"},{"@type":"ListItem","position":3,"name":"\u0130\u00e7 Hava Kalitesi Nas\u0131l \u00d6l\u00e7\u00fcl\u00fcr?","item":"https:\/\/iskid.org.tr\/ichavakalitesi\/ichava-kalitesi\/ic-hava-kalitesi-nasil-olculur\/"},{"@type":"ListItem","position":4,"name":"Profesyonel \u00d6l\u00e7\u00fcmler"}]},{"@type":"WebSite","@id":"https:\/\/iskid.org.tr\/ichavakalitesi\/#website","url":"https:\/\/iskid.org.tr\/ichavakalitesi\/","name":"\u0130\u00e7 Hava Kalitesi","description":"\u0130skid","potentialAction":[{"@type":"SearchAction","target":{"@type":"EntryPoint","urlTemplate":"https:\/\/iskid.org.tr\/ichavakalitesi\/?s={search_term_string}"},"query-input":{"@type":"PropertyValueSpecification","valueRequired":true,"valueName":"search_term_string"}}],"inLanguage":"tr"}]}},"jetpack_sharing_enabled":true,"_links":{"self":[{"href":"https:\/\/iskid.org.tr\/ichavakalitesi\/wp-json\/wp\/v2\/pages\/961"}],"collection":[{"href":"https:\/\/iskid.org.tr\/ichavakalitesi\/wp-json\/wp\/v2\/pages"}],"about":[{"href":"https:\/\/iskid.org.tr\/ichavakalitesi\/wp-json\/wp\/v2\/types\/page"}],"author":[{"embeddable":true,"href":"https:\/\/iskid.org.tr\/ichavakalitesi\/wp-json\/wp\/v2\/users\/1"}],"replies":[{"embeddable":true,"href":"https:\/\/iskid.org.tr\/ichavakalitesi\/wp-json\/wp\/v2\/comments?post=961"}],"version-history":[{"count":5,"href":"https:\/\/iskid.org.tr\/ichavakalitesi\/wp-json\/wp\/v2\/pages\/961\/revisions"}],"predecessor-version":[{"id":1143,"href":"https:\/\/iskid.org.tr\/ichavakalitesi\/wp-json\/wp\/v2\/pages\/961\/revisions\/1143"}],"up":[{"embeddable":true,"href":"https:\/\/iskid.org.tr\/ichavakalitesi\/wp-json\/wp\/v2\/pages\/199"}],"wp:attachment":[{"href":"https:\/\/iskid.org.tr\/ichavakalitesi\/wp-json\/wp\/v2\/media?parent=961"}],"curies":[{"name":"wp","href":"https:\/\/api.w.org\/{rel}","templated":true}]}}