{"id":875,"date":"2020-04-26T14:27:15","date_gmt":"2020-04-26T14:27:15","guid":{"rendered":"https:\/\/iskid.org.tr\/ichavakalitesi\/?page_id=875"},"modified":"2020-04-30T03:52:45","modified_gmt":"2020-04-30T03:52:45","slug":"vizyon-misyon","status":"publish","type":"page","link":"https:\/\/iskid.org.tr\/ichavakalitesi\/hakkimizda\/vizyon-misyon\/","title":{"rendered":"Vizyon &#8211; Misyon"},"content":{"rendered":"","protected":false},"excerpt":{"rendered":"","protected":false},"author":1,"featured_media":0,"parent":123,"menu_order":1,"comment_status":"closed","ping_status":"closed","template":"","meta":{"jetpack_post_was_ever_published":false,"footnotes":""},"yoast_head":"<!-- This site is optimized with the Yoast SEO plugin v24.5 - https:\/\/yoast.com\/wordpress\/plugins\/seo\/ -->\n<title>Vizyon - Misyon - \u0130\u00e7 Hava Kalitesi<\/title>\n<meta name=\"robots\" content=\"index, follow, max-snippet:-1, max-image-preview:large, max-video-preview:-1\" \/>\n<link rel=\"canonical\" href=\"https:\/\/iskid.org.tr\/ichavakalitesi\/hakkimizda\/vizyon-misyon\/\" \/>\n<meta property=\"og:locale\" content=\"tr_TR\" \/>\n<meta property=\"og:type\" content=\"article\" \/>\n<meta property=\"og:title\" content=\"Vizyon - Misyon - \u0130\u00e7 Hava Kalitesi\" \/>\n<meta property=\"og:url\" content=\"https:\/\/iskid.org.tr\/ichavakalitesi\/hakkimizda\/vizyon-misyon\/\" \/>\n<meta property=\"og:site_name\" content=\"\u0130\u00e7 Hava Kalitesi\" \/>\n<meta property=\"article:modified_time\" content=\"2020-04-30T03:52:45+00:00\" \/>\n<meta name=\"twitter:card\" content=\"summary_large_image\" \/>\n<script type=\"application\/ld+json\" class=\"yoast-schema-graph\">{\"@context\":\"https:\/\/schema.org\",\"@graph\":[{\"@type\":\"WebPage\",\"@id\":\"https:\/\/iskid.org.tr\/ichavakalitesi\/hakkimizda\/vizyon-misyon\/\",\"url\":\"https:\/\/iskid.org.tr\/ichavakalitesi\/hakkimizda\/vizyon-misyon\/\",\"name\":\"Vizyon - Misyon - \u0130\u00e7 Hava Kalitesi\",\"isPartOf\":{\"@id\":\"https:\/\/iskid.org.tr\/ichavakalitesi\/#website\"},\"datePublished\":\"2020-04-26T14:27:15+00:00\",\"dateModified\":\"2020-04-30T03:52:45+00:00\",\"breadcrumb\":{\"@id\":\"https:\/\/iskid.org.tr\/ichavakalitesi\/hakkimizda\/vizyon-misyon\/#breadcrumb\"},\"inLanguage\":\"tr\",\"potentialAction\":[{\"@type\":\"ReadAction\",\"target\":[\"https:\/\/iskid.org.tr\/ichavakalitesi\/hakkimizda\/vizyon-misyon\/\"]}]},{\"@type\":\"BreadcrumbList\",\"@id\":\"https:\/\/iskid.org.tr\/ichavakalitesi\/hakkimizda\/vizyon-misyon\/#breadcrumb\",\"itemListElement\":[{\"@type\":\"ListItem\",\"position\":1,\"name\":\"Ana sayfa\",\"item\":\"https:\/\/iskid.org.tr\/ichavakalitesi\/\"},{\"@type\":\"ListItem\",\"position\":2,\"name\":\"Hakk\u0131m\u0131zda\",\"item\":\"https:\/\/iskid.org.tr\/ichavakalitesi\/hakkimizda\/\"},{\"@type\":\"ListItem\",\"position\":3,\"name\":\"Vizyon &#8211; Misyon\"}]},{\"@type\":\"WebSite\",\"@id\":\"https:\/\/iskid.org.tr\/ichavakalitesi\/#website\",\"url\":\"https:\/\/iskid.org.tr\/ichavakalitesi\/\",\"name\":\"\u0130\u00e7 Hava Kalitesi\",\"description\":\"\u0130skid\",\"potentialAction\":[{\"@type\":\"SearchAction\",\"target\":{\"@type\":\"EntryPoint\",\"urlTemplate\":\"https:\/\/iskid.org.tr\/ichavakalitesi\/?s={search_term_string}\"},\"query-input\":{\"@type\":\"PropertyValueSpecification\",\"valueRequired\":true,\"valueName\":\"search_term_string\"}}],\"inLanguage\":\"tr\"}]}<\/script>\n<!-- \/ Yoast SEO plugin. -->","yoast_head_json":{"title":"Vizyon - Misyon - \u0130\u00e7 Hava Kalitesi","robots":{"index":"index","follow":"follow","max-snippet":"max-snippet:-1","max-image-preview":"max-image-preview:large","max-video-preview":"max-video-preview:-1"},"canonical":"https:\/\/iskid.org.tr\/ichavakalitesi\/hakkimizda\/vizyon-misyon\/","og_locale":"tr_TR","og_type":"article","og_title":"Vizyon - Misyon - \u0130\u00e7 Hava Kalitesi","og_url":"https:\/\/iskid.org.tr\/ichavakalitesi\/hakkimizda\/vizyon-misyon\/","og_site_name":"\u0130\u00e7 Hava Kalitesi","article_modified_time":"2020-04-30T03:52:45+00:00","twitter_card":"summary_large_image","schema":{"@context":"https:\/\/schema.org","@graph":[{"@type":"WebPage","@id":"https:\/\/iskid.org.tr\/ichavakalitesi\/hakkimizda\/vizyon-misyon\/","url":"https:\/\/iskid.org.tr\/ichavakalitesi\/hakkimizda\/vizyon-misyon\/","name":"Vizyon - Misyon - \u0130\u00e7 Hava Kalitesi","isPartOf":{"@id":"https:\/\/iskid.org.tr\/ichavakalitesi\/#website"},"datePublished":"2020-04-26T14:27:15+00:00","dateModified":"2020-04-30T03:52:45+00:00","breadcrumb":{"@id":"https:\/\/iskid.org.tr\/ichavakalitesi\/hakkimizda\/vizyon-misyon\/#breadcrumb"},"inLanguage":"tr","potentialAction":[{"@type":"ReadAction","target":["https:\/\/iskid.org.tr\/ichavakalitesi\/hakkimizda\/vizyon-misyon\/"]}]},{"@type":"BreadcrumbList","@id":"https:\/\/iskid.org.tr\/ichavakalitesi\/hakkimizda\/vizyon-misyon\/#breadcrumb","itemListElement":[{"@type":"ListItem","position":1,"name":"Ana sayfa","item":"https:\/\/iskid.org.tr\/ichavakalitesi\/"},{"@type":"ListItem","position":2,"name":"Hakk\u0131m\u0131zda","item":"https:\/\/iskid.org.tr\/ichavakalitesi\/hakkimizda\/"},{"@type":"ListItem","position":3,"name":"Vizyon &#8211; Misyon"}]},{"@type":"WebSite","@id":"https:\/\/iskid.org.tr\/ichavakalitesi\/#website","url":"https:\/\/iskid.org.tr\/ichavakalitesi\/","name":"\u0130\u00e7 Hava Kalitesi","description":"\u0130skid","potentialAction":[{"@type":"SearchAction","target":{"@type":"EntryPoint","urlTemplate":"https:\/\/iskid.org.tr\/ichavakalitesi\/?s={search_term_string}"},"query-input":{"@type":"PropertyValueSpecification","valueRequired":true,"valueName":"search_term_string"}}],"inLanguage":"tr"}]}},"jetpack_sharing_enabled":true,"_links":{"self":[{"href":"https:\/\/iskid.org.tr\/ichavakalitesi\/wp-json\/wp\/v2\/pages\/875"}],"collection":[{"href":"https:\/\/iskid.org.tr\/ichavakalitesi\/wp-json\/wp\/v2\/pages"}],"about":[{"href":"https:\/\/iskid.org.tr\/ichavakalitesi\/wp-json\/wp\/v2\/types\/page"}],"author":[{"embeddable":true,"href":"https:\/\/iskid.org.tr\/ichavakalitesi\/wp-json\/wp\/v2\/users\/1"}],"replies":[{"embeddable":true,"href":"https:\/\/iskid.org.tr\/ichavakalitesi\/wp-json\/wp\/v2\/comments?post=875"}],"version-history":[{"count":3,"href":"https:\/\/iskid.org.tr\/ichavakalitesi\/wp-json\/wp\/v2\/pages\/875\/revisions"}],"predecessor-version":[{"id":1149,"href":"https:\/\/iskid.org.tr\/ichavakalitesi\/wp-json\/wp\/v2\/pages\/875\/revisions\/1149"}],"up":[{"embeddable":true,"href":"https:\/\/iskid.org.tr\/ichavakalitesi\/wp-json\/wp\/v2\/pages\/123"}],"wp:attachment":[{"href":"https:\/\/iskid.org.tr\/ichavakalitesi\/wp-json\/wp\/v2\/media?parent=875"}],"curies":[{"name":"wp","href":"https:\/\/api.w.org\/{rel}","templated":true}]}}