{"id":180,"date":"2020-04-04T13:41:54","date_gmt":"2020-04-04T13:41:54","guid":{"rendered":"https:\/\/iskid.org.tr\/ichavakalitesi\/?page_id=180"},"modified":"2020-04-28T04:54:20","modified_gmt":"2020-04-28T04:54:20","slug":"ic-hava-kalitesi-nasil-saglanir","status":"publish","type":"page","link":"https:\/\/iskid.org.tr\/ichavakalitesi\/ichava-kalitesi\/ic-hava-kalitesi-nedir\/ic-hava-kalitesi-nasil-saglanir\/","title":{"rendered":"\u0130\u00e7 Hava Kalitesi Nas\u0131l Sa\u011flan\u0131r"},"content":{"rendered":"","protected":false},"excerpt":{"rendered":"","protected":false},"author":1,"featured_media":1086,"parent":146,"menu_order":2,"comment_status":"open","ping_status":"closed","template":"","meta":{"jetpack_post_was_ever_published":false,"footnotes":""},"yoast_head":"<!-- This site is optimized with the Yoast SEO plugin v24.5 - https:\/\/yoast.com\/wordpress\/plugins\/seo\/ -->\n<title>\u0130\u00e7 Hava Kalitesi Nas\u0131l Sa\u011flan\u0131r - \u0130\u00e7 Hava Kalitesi<\/title>\n<meta name=\"robots\" content=\"index, follow, max-snippet:-1, max-image-preview:large, max-video-preview:-1\" \/>\n<link rel=\"canonical\" href=\"https:\/\/iskid.org.tr\/ichavakalitesi\/ichava-kalitesi\/ic-hava-kalitesi-nedir\/ic-hava-kalitesi-nasil-saglanir\/\" \/>\n<meta property=\"og:locale\" content=\"tr_TR\" \/>\n<meta property=\"og:type\" content=\"article\" \/>\n<meta property=\"og:title\" content=\"\u0130\u00e7 Hava Kalitesi Nas\u0131l Sa\u011flan\u0131r - \u0130\u00e7 Hava Kalitesi\" \/>\n<meta property=\"og:url\" content=\"https:\/\/iskid.org.tr\/ichavakalitesi\/ichava-kalitesi\/ic-hava-kalitesi-nedir\/ic-hava-kalitesi-nasil-saglanir\/\" \/>\n<meta property=\"og:site_name\" content=\"\u0130\u00e7 Hava Kalitesi\" \/>\n<meta property=\"article:modified_time\" content=\"2020-04-28T04:54:20+00:00\" \/>\n<meta property=\"og:image\" content=\"https:\/\/i1.wp.com\/iskid.org.tr\/ichavakalitesi\/wp-content\/uploads\/2020\/04\/\u0130\u00e7-Hava-Kalitesi-9-1.jpg?fit=900%2C600&ssl=1\" \/>\n\t<meta property=\"og:image:width\" content=\"900\" \/>\n\t<meta property=\"og:image:height\" content=\"600\" \/>\n\t<meta property=\"og:image:type\" content=\"image\/jpeg\" \/>\n<meta name=\"twitter:card\" content=\"summary_large_image\" \/>\n<script type=\"application\/ld+json\" class=\"yoast-schema-graph\">{\"@context\":\"https:\/\/schema.org\",\"@graph\":[{\"@type\":\"WebPage\",\"@id\":\"https:\/\/iskid.org.tr\/ichavakalitesi\/ichava-kalitesi\/ic-hava-kalitesi-nedir\/ic-hava-kalitesi-nasil-saglanir\/\",\"url\":\"https:\/\/iskid.org.tr\/ichavakalitesi\/ichava-kalitesi\/ic-hava-kalitesi-nedir\/ic-hava-kalitesi-nasil-saglanir\/\",\"name\":\"\u0130\u00e7 Hava Kalitesi Nas\u0131l Sa\u011flan\u0131r - \u0130\u00e7 Hava Kalitesi\",\"isPartOf\":{\"@id\":\"https:\/\/iskid.org.tr\/ichavakalitesi\/#website\"},\"primaryImageOfPage\":{\"@id\":\"https:\/\/iskid.org.tr\/ichavakalitesi\/ichava-kalitesi\/ic-hava-kalitesi-nedir\/ic-hava-kalitesi-nasil-saglanir\/#primaryimage\"},\"image\":{\"@id\":\"https:\/\/iskid.org.tr\/ichavakalitesi\/ichava-kalitesi\/ic-hava-kalitesi-nedir\/ic-hava-kalitesi-nasil-saglanir\/#primaryimage\"},\"thumbnailUrl\":\"https:\/\/iskid.org.tr\/ichavakalitesi\/wp-content\/uploads\/2020\/04\/\u0130\u00e7-Hava-Kalitesi-9-1.jpg\",\"datePublished\":\"2020-04-04T13:41:54+00:00\",\"dateModified\":\"2020-04-28T04:54:20+00:00\",\"breadcrumb\":{\"@id\":\"https:\/\/iskid.org.tr\/ichavakalitesi\/ichava-kalitesi\/ic-hava-kalitesi-nedir\/ic-hava-kalitesi-nasil-saglanir\/#breadcrumb\"},\"inLanguage\":\"tr\",\"potentialAction\":[{\"@type\":\"ReadAction\",\"target\":[\"https:\/\/iskid.org.tr\/ichavakalitesi\/ichava-kalitesi\/ic-hava-kalitesi-nedir\/ic-hava-kalitesi-nasil-saglanir\/\"]}]},{\"@type\":\"ImageObject\",\"inLanguage\":\"tr\",\"@id\":\"https:\/\/iskid.org.tr\/ichavakalitesi\/ichava-kalitesi\/ic-hava-kalitesi-nedir\/ic-hava-kalitesi-nasil-saglanir\/#primaryimage\",\"url\":\"https:\/\/iskid.org.tr\/ichavakalitesi\/wp-content\/uploads\/2020\/04\/\u0130\u00e7-Hava-Kalitesi-9-1.jpg\",\"contentUrl\":\"https:\/\/iskid.org.tr\/ichavakalitesi\/wp-content\/uploads\/2020\/04\/\u0130\u00e7-Hava-Kalitesi-9-1.jpg\",\"width\":900,\"height\":600,\"caption\":\"\u0130\u00e7 Hava Kalitesi\"},{\"@type\":\"BreadcrumbList\",\"@id\":\"https:\/\/iskid.org.tr\/ichavakalitesi\/ichava-kalitesi\/ic-hava-kalitesi-nedir\/ic-hava-kalitesi-nasil-saglanir\/#breadcrumb\",\"itemListElement\":[{\"@type\":\"ListItem\",\"position\":1,\"name\":\"Ana sayfa\",\"item\":\"https:\/\/iskid.org.tr\/ichavakalitesi\/\"},{\"@type\":\"ListItem\",\"position\":2,\"name\":\"\u0130\u00e7 Hava Kalitesi\",\"item\":\"https:\/\/iskid.org.tr\/ichavakalitesi\/ichava-kalitesi\/\"},{\"@type\":\"ListItem\",\"position\":3,\"name\":\"\u0130\u00e7 Hava Kalitesi Nedir\",\"item\":\"https:\/\/iskid.org.tr\/ichavakalitesi\/ichava-kalitesi\/ic-hava-kalitesi-nedir\/\"},{\"@type\":\"ListItem\",\"position\":4,\"name\":\"\u0130\u00e7 Hava Kalitesi Nas\u0131l Sa\u011flan\u0131r\"}]},{\"@type\":\"WebSite\",\"@id\":\"https:\/\/iskid.org.tr\/ichavakalitesi\/#website\",\"url\":\"https:\/\/iskid.org.tr\/ichavakalitesi\/\",\"name\":\"\u0130\u00e7 Hava Kalitesi\",\"description\":\"\u0130skid\",\"potentialAction\":[{\"@type\":\"SearchAction\",\"target\":{\"@type\":\"EntryPoint\",\"urlTemplate\":\"https:\/\/iskid.org.tr\/ichavakalitesi\/?s={search_term_string}\"},\"query-input\":{\"@type\":\"PropertyValueSpecification\",\"valueRequired\":true,\"valueName\":\"search_term_string\"}}],\"inLanguage\":\"tr\"}]}<\/script>\n<!-- \/ Yoast SEO plugin. -->","yoast_head_json":{"title":"\u0130\u00e7 Hava Kalitesi Nas\u0131l Sa\u011flan\u0131r - \u0130\u00e7 Hava Kalitesi","robots":{"index":"index","follow":"follow","max-snippet":"max-snippet:-1","max-image-preview":"max-image-preview:large","max-video-preview":"max-video-preview:-1"},"canonical":"https:\/\/iskid.org.tr\/ichavakalitesi\/ichava-kalitesi\/ic-hava-kalitesi-nedir\/ic-hava-kalitesi-nasil-saglanir\/","og_locale":"tr_TR","og_type":"article","og_title":"\u0130\u00e7 Hava Kalitesi Nas\u0131l Sa\u011flan\u0131r - \u0130\u00e7 Hava Kalitesi","og_url":"https:\/\/iskid.org.tr\/ichavakalitesi\/ichava-kalitesi\/ic-hava-kalitesi-nedir\/ic-hava-kalitesi-nasil-saglanir\/","og_site_name":"\u0130\u00e7 Hava Kalitesi","article_modified_time":"2020-04-28T04:54:20+00:00","og_image":[{"width":900,"height":600,"url":"https:\/\/i1.wp.com\/iskid.org.tr\/ichavakalitesi\/wp-content\/uploads\/2020\/04\/\u0130\u00e7-Hava-Kalitesi-9-1.jpg?fit=900%2C600&ssl=1","type":"image\/jpeg"}],"twitter_card":"summary_large_image","schema":{"@context":"https:\/\/schema.org","@graph":[{"@type":"WebPage","@id":"https:\/\/iskid.org.tr\/ichavakalitesi\/ichava-kalitesi\/ic-hava-kalitesi-nedir\/ic-hava-kalitesi-nasil-saglanir\/","url":"https:\/\/iskid.org.tr\/ichavakalitesi\/ichava-kalitesi\/ic-hava-kalitesi-nedir\/ic-hava-kalitesi-nasil-saglanir\/","name":"\u0130\u00e7 Hava Kalitesi Nas\u0131l Sa\u011flan\u0131r - \u0130\u00e7 Hava Kalitesi","isPartOf":{"@id":"https:\/\/iskid.org.tr\/ichavakalitesi\/#website"},"primaryImageOfPage":{"@id":"https:\/\/iskid.org.tr\/ichavakalitesi\/ichava-kalitesi\/ic-hava-kalitesi-nedir\/ic-hava-kalitesi-nasil-saglanir\/#primaryimage"},"image":{"@id":"https:\/\/iskid.org.tr\/ichavakalitesi\/ichava-kalitesi\/ic-hava-kalitesi-nedir\/ic-hava-kalitesi-nasil-saglanir\/#primaryimage"},"thumbnailUrl":"https:\/\/iskid.org.tr\/ichavakalitesi\/wp-content\/uploads\/2020\/04\/\u0130\u00e7-Hava-Kalitesi-9-1.jpg","datePublished":"2020-04-04T13:41:54+00:00","dateModified":"2020-04-28T04:54:20+00:00","breadcrumb":{"@id":"https:\/\/iskid.org.tr\/ichavakalitesi\/ichava-kalitesi\/ic-hava-kalitesi-nedir\/ic-hava-kalitesi-nasil-saglanir\/#breadcrumb"},"inLanguage":"tr","potentialAction":[{"@type":"ReadAction","target":["https:\/\/iskid.org.tr\/ichavakalitesi\/ichava-kalitesi\/ic-hava-kalitesi-nedir\/ic-hava-kalitesi-nasil-saglanir\/"]}]},{"@type":"ImageObject","inLanguage":"tr","@id":"https:\/\/iskid.org.tr\/ichavakalitesi\/ichava-kalitesi\/ic-hava-kalitesi-nedir\/ic-hava-kalitesi-nasil-saglanir\/#primaryimage","url":"https:\/\/iskid.org.tr\/ichavakalitesi\/wp-content\/uploads\/2020\/04\/\u0130\u00e7-Hava-Kalitesi-9-1.jpg","contentUrl":"https:\/\/iskid.org.tr\/ichavakalitesi\/wp-content\/uploads\/2020\/04\/\u0130\u00e7-Hava-Kalitesi-9-1.jpg","width":900,"height":600,"caption":"\u0130\u00e7 Hava Kalitesi"},{"@type":"BreadcrumbList","@id":"https:\/\/iskid.org.tr\/ichavakalitesi\/ichava-kalitesi\/ic-hava-kalitesi-nedir\/ic-hava-kalitesi-nasil-saglanir\/#breadcrumb","itemListElement":[{"@type":"ListItem","position":1,"name":"Ana sayfa","item":"https:\/\/iskid.org.tr\/ichavakalitesi\/"},{"@type":"ListItem","position":2,"name":"\u0130\u00e7 Hava Kalitesi","item":"https:\/\/iskid.org.tr\/ichavakalitesi\/ichava-kalitesi\/"},{"@type":"ListItem","position":3,"name":"\u0130\u00e7 Hava Kalitesi Nedir","item":"https:\/\/iskid.org.tr\/ichavakalitesi\/ichava-kalitesi\/ic-hava-kalitesi-nedir\/"},{"@type":"ListItem","position":4,"name":"\u0130\u00e7 Hava Kalitesi Nas\u0131l Sa\u011flan\u0131r"}]},{"@type":"WebSite","@id":"https:\/\/iskid.org.tr\/ichavakalitesi\/#website","url":"https:\/\/iskid.org.tr\/ichavakalitesi\/","name":"\u0130\u00e7 Hava Kalitesi","description":"\u0130skid","potentialAction":[{"@type":"SearchAction","target":{"@type":"EntryPoint","urlTemplate":"https:\/\/iskid.org.tr\/ichavakalitesi\/?s={search_term_string}"},"query-input":{"@type":"PropertyValueSpecification","valueRequired":true,"valueName":"search_term_string"}}],"inLanguage":"tr"}]}},"jetpack_sharing_enabled":true,"_links":{"self":[{"href":"https:\/\/iskid.org.tr\/ichavakalitesi\/wp-json\/wp\/v2\/pages\/180"}],"collection":[{"href":"https:\/\/iskid.org.tr\/ichavakalitesi\/wp-json\/wp\/v2\/pages"}],"about":[{"href":"https:\/\/iskid.org.tr\/ichavakalitesi\/wp-json\/wp\/v2\/types\/page"}],"author":[{"embeddable":true,"href":"https:\/\/iskid.org.tr\/ichavakalitesi\/wp-json\/wp\/v2\/users\/1"}],"replies":[{"embeddable":true,"href":"https:\/\/iskid.org.tr\/ichavakalitesi\/wp-json\/wp\/v2\/comments?post=180"}],"version-history":[{"count":5,"href":"https:\/\/iskid.org.tr\/ichavakalitesi\/wp-json\/wp\/v2\/pages\/180\/revisions"}],"predecessor-version":[{"id":1137,"href":"https:\/\/iskid.org.tr\/ichavakalitesi\/wp-json\/wp\/v2\/pages\/180\/revisions\/1137"}],"up":[{"embeddable":true,"href":"https:\/\/iskid.org.tr\/ichavakalitesi\/wp-json\/wp\/v2\/pages\/146"}],"wp:featuredmedia":[{"embeddable":true,"href":"https:\/\/iskid.org.tr\/ichavakalitesi\/wp-json\/wp\/v2\/media\/1086"}],"wp:attachment":[{"href":"https:\/\/iskid.org.tr\/ichavakalitesi\/wp-json\/wp\/v2\/media?parent=180"}],"curies":[{"name":"wp","href":"https:\/\/api.w.org\/{rel}","templated":true}]}}