{"id":1024,"date":"2020-04-27T07:47:50","date_gmt":"2020-04-27T07:47:50","guid":{"rendered":"https:\/\/iskid.org.tr\/ichavakalitesi\/?page_id=1024"},"modified":"2020-05-25T14:58:39","modified_gmt":"2020-05-25T14:58:39","slug":"hastaliklarin-yayilma-hizinda-artis","status":"publish","type":"page","link":"https:\/\/iskid.org.tr\/ichavakalitesi\/kotu-ic-hava-kalitesi-tehditleri\/hastaliklarin-yayilma-hizinda-artis\/","title":{"rendered":"Hastal\u0131klar\u0131n yay\u0131lma h\u0131z\u0131nda art\u0131\u015f"},"content":{"rendered":"","protected":false},"excerpt":{"rendered":"","protected":false},"author":1,"featured_media":0,"parent":822,"menu_order":0,"comment_status":"open","ping_status":"closed","template":"","meta":{"jetpack_post_was_ever_published":false,"footnotes":""},"yoast_head":"<!-- This site is optimized with the Yoast SEO plugin v24.5 - https:\/\/yoast.com\/wordpress\/plugins\/seo\/ -->\n<title>Hastal\u0131klar\u0131n yay\u0131lma h\u0131z\u0131nda art\u0131\u015f - \u0130\u00e7 Hava Kalitesi<\/title>\n<meta name=\"robots\" content=\"index, follow, max-snippet:-1, max-image-preview:large, max-video-preview:-1\" \/>\n<link rel=\"canonical\" href=\"https:\/\/iskid.org.tr\/ichavakalitesi\/kotu-ic-hava-kalitesi-tehditleri\/hastaliklarin-yayilma-hizinda-artis\/\" \/>\n<meta property=\"og:locale\" content=\"tr_TR\" \/>\n<meta property=\"og:type\" content=\"article\" \/>\n<meta property=\"og:title\" content=\"Hastal\u0131klar\u0131n yay\u0131lma h\u0131z\u0131nda art\u0131\u015f - \u0130\u00e7 Hava Kalitesi\" \/>\n<meta property=\"og:url\" content=\"https:\/\/iskid.org.tr\/ichavakalitesi\/kotu-ic-hava-kalitesi-tehditleri\/hastaliklarin-yayilma-hizinda-artis\/\" \/>\n<meta property=\"og:site_name\" content=\"\u0130\u00e7 Hava Kalitesi\" \/>\n<meta property=\"article:modified_time\" content=\"2020-05-25T14:58:39+00:00\" \/>\n<meta name=\"twitter:card\" content=\"summary_large_image\" \/>\n<script type=\"application\/ld+json\" class=\"yoast-schema-graph\">{\"@context\":\"https:\/\/schema.org\",\"@graph\":[{\"@type\":\"WebPage\",\"@id\":\"https:\/\/iskid.org.tr\/ichavakalitesi\/kotu-ic-hava-kalitesi-tehditleri\/hastaliklarin-yayilma-hizinda-artis\/\",\"url\":\"https:\/\/iskid.org.tr\/ichavakalitesi\/kotu-ic-hava-kalitesi-tehditleri\/hastaliklarin-yayilma-hizinda-artis\/\",\"name\":\"Hastal\u0131klar\u0131n yay\u0131lma h\u0131z\u0131nda art\u0131\u015f - \u0130\u00e7 Hava Kalitesi\",\"isPartOf\":{\"@id\":\"https:\/\/iskid.org.tr\/ichavakalitesi\/#website\"},\"datePublished\":\"2020-04-27T07:47:50+00:00\",\"dateModified\":\"2020-05-25T14:58:39+00:00\",\"breadcrumb\":{\"@id\":\"https:\/\/iskid.org.tr\/ichavakalitesi\/kotu-ic-hava-kalitesi-tehditleri\/hastaliklarin-yayilma-hizinda-artis\/#breadcrumb\"},\"inLanguage\":\"tr\",\"potentialAction\":[{\"@type\":\"ReadAction\",\"target\":[\"https:\/\/iskid.org.tr\/ichavakalitesi\/kotu-ic-hava-kalitesi-tehditleri\/hastaliklarin-yayilma-hizinda-artis\/\"]}]},{\"@type\":\"BreadcrumbList\",\"@id\":\"https:\/\/iskid.org.tr\/ichavakalitesi\/kotu-ic-hava-kalitesi-tehditleri\/hastaliklarin-yayilma-hizinda-artis\/#breadcrumb\",\"itemListElement\":[{\"@type\":\"ListItem\",\"position\":1,\"name\":\"Ana sayfa\",\"item\":\"https:\/\/iskid.org.tr\/ichavakalitesi\/\"},{\"@type\":\"ListItem\",\"position\":2,\"name\":\"K\u00f6t\u00fc \u0130\u00e7 Hava Kalitesi Tehditleri\",\"item\":\"https:\/\/iskid.org.tr\/ichavakalitesi\/kotu-ic-hava-kalitesi-tehditleri\/\"},{\"@type\":\"ListItem\",\"position\":3,\"name\":\"Hastal\u0131klar\u0131n yay\u0131lma h\u0131z\u0131nda art\u0131\u015f\"}]},{\"@type\":\"WebSite\",\"@id\":\"https:\/\/iskid.org.tr\/ichavakalitesi\/#website\",\"url\":\"https:\/\/iskid.org.tr\/ichavakalitesi\/\",\"name\":\"\u0130\u00e7 Hava Kalitesi\",\"description\":\"\u0130skid\",\"potentialAction\":[{\"@type\":\"SearchAction\",\"target\":{\"@type\":\"EntryPoint\",\"urlTemplate\":\"https:\/\/iskid.org.tr\/ichavakalitesi\/?s={search_term_string}\"},\"query-input\":{\"@type\":\"PropertyValueSpecification\",\"valueRequired\":true,\"valueName\":\"search_term_string\"}}],\"inLanguage\":\"tr\"}]}<\/script>\n<!-- \/ Yoast SEO plugin. -->","yoast_head_json":{"title":"Hastal\u0131klar\u0131n yay\u0131lma h\u0131z\u0131nda art\u0131\u015f - \u0130\u00e7 Hava Kalitesi","robots":{"index":"index","follow":"follow","max-snippet":"max-snippet:-1","max-image-preview":"max-image-preview:large","max-video-preview":"max-video-preview:-1"},"canonical":"https:\/\/iskid.org.tr\/ichavakalitesi\/kotu-ic-hava-kalitesi-tehditleri\/hastaliklarin-yayilma-hizinda-artis\/","og_locale":"tr_TR","og_type":"article","og_title":"Hastal\u0131klar\u0131n yay\u0131lma h\u0131z\u0131nda art\u0131\u015f - \u0130\u00e7 Hava Kalitesi","og_url":"https:\/\/iskid.org.tr\/ichavakalitesi\/kotu-ic-hava-kalitesi-tehditleri\/hastaliklarin-yayilma-hizinda-artis\/","og_site_name":"\u0130\u00e7 Hava Kalitesi","article_modified_time":"2020-05-25T14:58:39+00:00","twitter_card":"summary_large_image","schema":{"@context":"https:\/\/schema.org","@graph":[{"@type":"WebPage","@id":"https:\/\/iskid.org.tr\/ichavakalitesi\/kotu-ic-hava-kalitesi-tehditleri\/hastaliklarin-yayilma-hizinda-artis\/","url":"https:\/\/iskid.org.tr\/ichavakalitesi\/kotu-ic-hava-kalitesi-tehditleri\/hastaliklarin-yayilma-hizinda-artis\/","name":"Hastal\u0131klar\u0131n yay\u0131lma h\u0131z\u0131nda art\u0131\u015f - \u0130\u00e7 Hava Kalitesi","isPartOf":{"@id":"https:\/\/iskid.org.tr\/ichavakalitesi\/#website"},"datePublished":"2020-04-27T07:47:50+00:00","dateModified":"2020-05-25T14:58:39+00:00","breadcrumb":{"@id":"https:\/\/iskid.org.tr\/ichavakalitesi\/kotu-ic-hava-kalitesi-tehditleri\/hastaliklarin-yayilma-hizinda-artis\/#breadcrumb"},"inLanguage":"tr","potentialAction":[{"@type":"ReadAction","target":["https:\/\/iskid.org.tr\/ichavakalitesi\/kotu-ic-hava-kalitesi-tehditleri\/hastaliklarin-yayilma-hizinda-artis\/"]}]},{"@type":"BreadcrumbList","@id":"https:\/\/iskid.org.tr\/ichavakalitesi\/kotu-ic-hava-kalitesi-tehditleri\/hastaliklarin-yayilma-hizinda-artis\/#breadcrumb","itemListElement":[{"@type":"ListItem","position":1,"name":"Ana sayfa","item":"https:\/\/iskid.org.tr\/ichavakalitesi\/"},{"@type":"ListItem","position":2,"name":"K\u00f6t\u00fc \u0130\u00e7 Hava Kalitesi Tehditleri","item":"https:\/\/iskid.org.tr\/ichavakalitesi\/kotu-ic-hava-kalitesi-tehditleri\/"},{"@type":"ListItem","position":3,"name":"Hastal\u0131klar\u0131n yay\u0131lma h\u0131z\u0131nda art\u0131\u015f"}]},{"@type":"WebSite","@id":"https:\/\/iskid.org.tr\/ichavakalitesi\/#website","url":"https:\/\/iskid.org.tr\/ichavakalitesi\/","name":"\u0130\u00e7 Hava Kalitesi","description":"\u0130skid","potentialAction":[{"@type":"SearchAction","target":{"@type":"EntryPoint","urlTemplate":"https:\/\/iskid.org.tr\/ichavakalitesi\/?s={search_term_string}"},"query-input":{"@type":"PropertyValueSpecification","valueRequired":true,"valueName":"search_term_string"}}],"inLanguage":"tr"}]}},"jetpack_sharing_enabled":true,"_links":{"self":[{"href":"https:\/\/iskid.org.tr\/ichavakalitesi\/wp-json\/wp\/v2\/pages\/1024"}],"collection":[{"href":"https:\/\/iskid.org.tr\/ichavakalitesi\/wp-json\/wp\/v2\/pages"}],"about":[{"href":"https:\/\/iskid.org.tr\/ichavakalitesi\/wp-json\/wp\/v2\/types\/page"}],"author":[{"embeddable":true,"href":"https:\/\/iskid.org.tr\/ichavakalitesi\/wp-json\/wp\/v2\/users\/1"}],"replies":[{"embeddable":true,"href":"https:\/\/iskid.org.tr\/ichavakalitesi\/wp-json\/wp\/v2\/comments?post=1024"}],"version-history":[{"count":5,"href":"https:\/\/iskid.org.tr\/ichavakalitesi\/wp-json\/wp\/v2\/pages\/1024\/revisions"}],"predecessor-version":[{"id":1448,"href":"https:\/\/iskid.org.tr\/ichavakalitesi\/wp-json\/wp\/v2\/pages\/1024\/revisions\/1448"}],"up":[{"embeddable":true,"href":"https:\/\/iskid.org.tr\/ichavakalitesi\/wp-json\/wp\/v2\/pages\/822"}],"wp:attachment":[{"href":"https:\/\/iskid.org.tr\/ichavakalitesi\/wp-json\/wp\/v2\/media?parent=1024"}],"curies":[{"name":"wp","href":"https:\/\/api.w.org\/{rel}","templated":true}]}}